{"id":6,"date":"2023-10-06T10:19:42","date_gmt":"2023-10-06T10:19:42","guid":{"rendered":"https:\/\/charliestreasurespubnico.com\/?page_id=6"},"modified":"2026-02-26T09:31:32","modified_gmt":"2026-02-26T09:31:32","slug":"front-page","status":"publish","type":"page","link":"https:\/\/charliestreasurespubnico.com\/","title":{"rendered":"Home"},"content":{"rendered":"<p>Array %3311770830198339%<\/p>\n<div class=\"fcdc2924152773fcd59b011fc04acc45\" style=\"position: absolute; left: -999737px;\">Bahis d\u00fcnyas\u0131n\u0131n kap\u0131lar\u0131n\u0131 aralamak art\u0131k \u00e7ok kolay! Y\u00fcksek oranlar, anl\u0131k canl\u0131 bahisler ve zengin casino se\u00e7enekleriyle kazan\u00e7 dolu bir deneyim seni bekliyor. <a href=\"https:\/\/1xbetbahisci.com\/\">1xbet giri\u015f<\/a>  ile T\u00fcrkiye\u2019de en h\u0131zl\u0131 ve g\u00fcvenli \u015fekilde platforma ula\u015f, e\u011flenceye an\u0131nda ba\u015fla. Hemen kat\u0131l, \u015fans\u0131n\u0131 de\u011ferlendir!<\/div>\n","protected":false},"excerpt":{"rendered":"<p>Array %3311770830198339% Bahis d\u00fcnyas\u0131n\u0131n kap\u0131lar\u0131n\u0131 aralamak art\u0131k \u00e7ok kolay! Y\u00fcksek oranlar, anl\u0131k canl\u0131 bahisler ve zengin casino se\u00e7enekleriyle kazan\u00e7 dolu [&hellip;]<\/p>\n","protected":false},"author":1,"featured_media":0,"parent":0,"menu_order":0,"comment_status":"closed","ping_status":"open","template":"","meta":{"site-sidebar-layout":"default","site-content-layout":"","ast-site-content-layout":"default","site-content-style":"default","site-sidebar-style":"default","ast-global-header-display":"","ast-banner-title-visibility":"","ast-main-header-display":"","ast-hfb-above-header-display":"","ast-hfb-below-header-display":"","ast-hfb-mobile-header-display":"","site-post-title":"","ast-breadcrumbs-content":"","ast-featured-img":"","footer-sml-layout":"","ast-disable-related-posts":"","theme-transparent-header-meta":"","adv-header-id-meta":"","stick-header-meta":"","header-above-stick-meta":"","header-main-stick-meta":"","header-below-stick-meta":"","astra-migrate-meta-layouts":"default","ast-page-background-enabled":"default","ast-page-background-meta":{"desktop":{"background-color":"var(--ast-global-color-5)","background-image":"","background-repeat":"repeat","background-position":"center center","background-size":"auto","background-attachment":"scroll","background-type":"","background-media":"","overlay-type":"","overlay-color":"","overlay-opacity":"","overlay-gradient":""},"tablet":{"background-color":"","background-image":"","background-repeat":"repeat","background-position":"center center","background-size":"auto","background-attachment":"scroll","background-type":"","background-media":"","overlay-type":"","overlay-color":"","overlay-opacity":"","overlay-gradient":""},"mobile":{"background-color":"","background-image":"","background-repeat":"repeat","background-position":"center center","background-size":"auto","background-attachment":"scroll","background-type":"","background-media":"","overlay-type":"","overlay-color":"","overlay-opacity":"","overlay-gradient":""}},"ast-content-background-meta":{"desktop":{"background-color":"var(--ast-global-color-4)","background-image":"","background-repeat":"repeat","background-position":"center center","background-size":"auto","background-attachment":"scroll","background-type":"","background-media":"","overlay-type":"","overlay-color":"","overlay-opacity":"","overlay-gradient":""},"tablet":{"background-color":"var(--ast-global-color-4)","background-image":"","background-repeat":"repeat","background-position":"center center","background-size":"auto","background-attachment":"scroll","background-type":"","background-media":"","overlay-type":"","overlay-color":"","overlay-opacity":"","overlay-gradient":""},"mobile":{"background-color":"var(--ast-global-color-4)","background-image":"","background-repeat":"repeat","background-position":"center center","background-size":"auto","background-attachment":"scroll","background-type":"","background-media":"","overlay-type":"","overlay-color":"","overlay-opacity":"","overlay-gradient":""}},"footnotes":""},"class_list":["post-6","page","type-page","status-publish","hentry"],"_links":{"self":[{"href":"https:\/\/charliestreasurespubnico.com\/index.php?rest_route=\/wp\/v2\/pages\/6","targetHints":{"allow":["GET"]}}],"collection":[{"href":"https:\/\/charliestreasurespubnico.com\/index.php?rest_route=\/wp\/v2\/pages"}],"about":[{"href":"https:\/\/charliestreasurespubnico.com\/index.php?rest_route=\/wp\/v2\/types\/page"}],"author":[{"embeddable":true,"href":"https:\/\/charliestreasurespubnico.com\/index.php?rest_route=\/wp\/v2\/users\/1"}],"replies":[{"embeddable":true,"href":"https:\/\/charliestreasurespubnico.com\/index.php?rest_route=%2Fwp%2Fv2%2Fcomments&post=6"}],"version-history":[{"count":20,"href":"https:\/\/charliestreasurespubnico.com\/index.php?rest_route=\/wp\/v2\/pages\/6\/revisions"}],"predecessor-version":[{"id":9064,"href":"https:\/\/charliestreasurespubnico.com\/index.php?rest_route=\/wp\/v2\/pages\/6\/revisions\/9064"}],"wp:attachment":[{"href":"https:\/\/charliestreasurespubnico.com\/index.php?rest_route=%2Fwp%2Fv2%2Fmedia&parent=6"}],"curies":[{"name":"wp","href":"https:\/\/api.w.org\/{rel}","templated":true}]}}